{"id":835,"date":"2022-06-09T17:18:39","date_gmt":"2022-06-09T20:18:39","guid":{"rendered":"https:\/\/demo.creativethemes.com\/elementor\/persona\/?page_id=835"},"modified":"2023-05-18T22:15:10","modified_gmt":"2023-05-19T01:15:10","slug":"mudancas-jundiai","status":"publish","type":"page","link":"https:\/\/mudancasnovavida.com.br\/?page_id=835","title":{"rendered":"Mudan\u00e7as Jundiai"},"content":{"rendered":"\t\t<div data-elementor-type=\"wp-page\" data-elementor-id=\"835\" class=\"elementor elementor-835\">\n\t\t\t\t\t\t\t<div class=\"elementor-element elementor-element-f32d86d e-con-boxed e-flex e-con\" data-id=\"f32d86d\" data-element_type=\"container\" data-settings=\"{&quot;content_width&quot;:&quot;boxed&quot;}\">\n\t\t\t\t\t<div class=\"e-con-inner\">\n\t\t\t\t<div class=\"elementor-element elementor-element-a3cc2d0 elementor-widget__width-initial elementor-widget elementor-widget-image\" data-id=\"a3cc2d0\" data-element_type=\"widget\" data-widget_type=\"image.default\">\n\t\t\t\t<div class=\"elementor-widget-container\">\n\t\t\t<style>\/*! elementor - v3.13.2 - 11-05-2023 *\/\n.elementor-widget-image{text-align:center}.elementor-widget-image a{display:inline-block}.elementor-widget-image a img[src$=\".svg\"]{width:48px}.elementor-widget-image img{vertical-align:middle;display:inline-block}<\/style>\t\t\t\t\t\t\t\t\t\t\t\t<img decoding=\"async\" width=\"2048\" height=\"1366\" src=\"https:\/\/mudancasnovavida.com.br\/wp-content\/uploads\/2023\/05\/mudancas-jundiai-novavida-2048x1366.jpg\" class=\"attachment-2048x2048 size-2048x2048 wp-image-1497\" alt=\"mudan\u00e7as jundiai novavida\" loading=\"lazy\" srcset=\"https:\/\/mudancasnovavida.com.br\/wp-content\/uploads\/2023\/05\/mudancas-jundiai-novavida-2048x1366.jpg 2048w, https:\/\/mudancasnovavida.com.br\/wp-content\/uploads\/2023\/05\/mudancas-jundiai-novavida-300x200.jpg 300w, https:\/\/mudancasnovavida.com.br\/wp-content\/uploads\/2023\/05\/mudancas-jundiai-novavida-1024x683.jpg 1024w, https:\/\/mudancasnovavida.com.br\/wp-content\/uploads\/2023\/05\/mudancas-jundiai-novavida-768x512.jpg 768w, https:\/\/mudancasnovavida.com.br\/wp-content\/uploads\/2023\/05\/mudancas-jundiai-novavida-1536x1024.jpg 1536w\" sizes=\"(max-width: 2048px) 100vw, 2048px\" \/>\t\t\t\t\t\t\t\t\t\t\t\t\t\t\t<\/div>\n\t\t\t\t<\/div>\n\t\t<div class=\"elementor-element elementor-element-f190a5a e-con-full e-flex e-con\" data-id=\"f190a5a\" data-element_type=\"container\" data-settings=\"{&quot;content_width&quot;:&quot;full&quot;}\">\n\t\t\t\t<div class=\"elementor-element elementor-element-7044c7c elementor-widget elementor-widget-text-editor\" data-id=\"7044c7c\" data-element_type=\"widget\" data-widget_type=\"text-editor.default\">\n\t\t\t\t<div class=\"elementor-widget-container\">\n\t\t\t<style>\/*! elementor - v3.13.2 - 11-05-2023 *\/\n.elementor-widget-text-editor.elementor-drop-cap-view-stacked .elementor-drop-cap{background-color:#69727d;color:#fff}.elementor-widget-text-editor.elementor-drop-cap-view-framed .elementor-drop-cap{color:#69727d;border:3px solid;background-color:transparent}.elementor-widget-text-editor:not(.elementor-drop-cap-view-default) .elementor-drop-cap{margin-top:8px}.elementor-widget-text-editor:not(.elementor-drop-cap-view-default) .elementor-drop-cap-letter{width:1em;height:1em}.elementor-widget-text-editor .elementor-drop-cap{float:left;text-align:center;line-height:1;font-size:50px}.elementor-widget-text-editor .elementor-drop-cap-letter{display:inline-block}<\/style>\t\t\t\t<p>mudan\u00e7as jundiai nova vida<\/p>\t\t\t\t\t\t<\/div>\n\t\t\t\t<\/div>\n\t\t\t\t<div class=\"elementor-element elementor-element-fea6de6 elementor-widget elementor-widget-heading\" data-id=\"fea6de6\" data-element_type=\"widget\" data-widget_type=\"heading.default\">\n\t\t\t\t<div class=\"elementor-widget-container\">\n\t\t\t<style>\/*! elementor - v3.13.2 - 11-05-2023 *\/\n.elementor-heading-title{padding:0;margin:0;line-height:1}.elementor-widget-heading .elementor-heading-title[class*=elementor-size-]>a{color:inherit;font-size:inherit;line-height:inherit}.elementor-widget-heading .elementor-heading-title.elementor-size-small{font-size:15px}.elementor-widget-heading .elementor-heading-title.elementor-size-medium{font-size:19px}.elementor-widget-heading .elementor-heading-title.elementor-size-large{font-size:29px}.elementor-widget-heading .elementor-heading-title.elementor-size-xl{font-size:39px}.elementor-widget-heading .elementor-heading-title.elementor-size-xxl{font-size:59px}<\/style><h2 class=\"elementor-heading-title elementor-size-default\">Temos a melhor solu\u00e7\u00e3o para sua mudan\u00e7a<\/h2>\t\t<\/div>\n\t\t\t\t<\/div>\n\t\t<div class=\"elementor-element elementor-element-23587c7 e-con-boxed e-flex e-con\" data-id=\"23587c7\" data-element_type=\"container\" data-settings=\"{&quot;content_width&quot;:&quot;boxed&quot;}\">\n\t\t\t\t\t<div class=\"e-con-inner\">\n\t\t<div class=\"elementor-element elementor-element-68998b1 e-con-full e-flex e-con\" data-id=\"68998b1\" data-element_type=\"container\" data-settings=\"{&quot;content_width&quot;:&quot;full&quot;}\">\n\t\t\t\t<\/div>\n\t\t<div class=\"elementor-element elementor-element-6918e32 e-con-full e-flex e-con\" data-id=\"6918e32\" data-element_type=\"container\" data-settings=\"{&quot;content_width&quot;:&quot;full&quot;}\">\n\t\t\t\t<div class=\"elementor-element elementor-element-f438bcc elementor-widget elementor-widget-heading\" data-id=\"f438bcc\" data-element_type=\"widget\" data-widget_type=\"heading.default\">\n\t\t\t\t<div class=\"elementor-widget-container\">\n\t\t\t<h5 class=\"elementor-heading-title elementor-size-default\">Mudan\u00e7as Interestaduais<\/h5>\t\t<\/div>\n\t\t\t\t<\/div>\n\t\t\t\t<div class=\"elementor-element elementor-element-5e5fad7 elementor-widget elementor-widget-text-editor\" data-id=\"5e5fad7\" data-element_type=\"widget\" data-widget_type=\"text-editor.default\">\n\t\t\t\t<div class=\"elementor-widget-container\">\n\t\t\t\t\t\t\t<p>Servi\u00e7o completo de Transporte de Mudan\u00e7as Estaduais ,nossa equipe est\u00e1 pronta para transportar sua mudan\u00e7a 24hrs e no menor tempo poss\u00edvel. Todo o processo da sua mudan\u00e7a \u00e9 documentada e organizada para evitar perdas e ganhar em agilidade.<\/p>\t\t\t\t\t\t<\/div>\n\t\t\t\t<\/div>\n\t\t\t\t<\/div>\n\t\t\t\t\t<\/div>\n\t\t\t\t<\/div>\n\t\t<div class=\"elementor-element elementor-element-bb98233 e-con-boxed e-flex e-con\" data-id=\"bb98233\" data-element_type=\"container\" data-settings=\"{&quot;content_width&quot;:&quot;boxed&quot;}\">\n\t\t\t\t\t<div class=\"e-con-inner\">\n\t\t<div class=\"elementor-element elementor-element-dd782db e-con-full e-flex e-con\" data-id=\"dd782db\" data-element_type=\"container\" data-settings=\"{&quot;content_width&quot;:&quot;full&quot;}\">\n\t\t\t\t<\/div>\n\t\t<div class=\"elementor-element elementor-element-fa292e1 e-con-full e-flex e-con\" data-id=\"fa292e1\" data-element_type=\"container\" data-settings=\"{&quot;content_width&quot;:&quot;full&quot;}\">\n\t\t\t\t<div class=\"elementor-element elementor-element-6c19aa6 elementor-widget elementor-widget-heading\" data-id=\"6c19aa6\" data-element_type=\"widget\" data-widget_type=\"heading.default\">\n\t\t\t\t<div class=\"elementor-widget-container\">\n\t\t\t<h5 class=\"elementor-heading-title elementor-size-default\">Transporte de Mudan\u00e7a<\/h5>\t\t<\/div>\n\t\t\t\t<\/div>\n\t\t\t\t<div class=\"elementor-element elementor-element-84a7751 elementor-widget elementor-widget-text-editor\" data-id=\"84a7751\" data-element_type=\"widget\" data-widget_type=\"text-editor.default\">\n\t\t\t\t<div class=\"elementor-widget-container\">\n\t\t\t\t\t\t\t<div id=\"pgc-10-1-1\" class=\"panel-grid-cell\"><div id=\"panel-10-1-1-0\" class=\"so-panel widget widget_sow-editor panel-first-child panel-last-child\" data-index=\"2\"><div class=\"so-widget-sow-editor so-widget-sow-editor-base\"><div class=\"siteorigin-widget-tinymce textwidget\"><p>Carretos e fretes ser\u00e3o sempre combinado com anteced\u00eancia , sempre atendendo as necessidades do cliente , prazo de entrega , oferecendo agilidade e efic\u00e1cia desde o atendimento at\u00e9 o destino final.<\/p><p>\u00a0<\/p><\/div><\/div><\/div><\/div><div id=\"pgc-10-1-2\" class=\"panel-grid-cell\"><div id=\"panel-10-1-2-0\" class=\"so-panel widget widget_sow-editor panel-first-child panel-last-child\" data-index=\"3\"><div class=\"so-widget-sow-editor so-widget-sow-editor-base\">\u00a0<\/div><\/div><\/div><div class=\"siteorigin-widget-tinymce textwidget\">\u00a0<\/div>\t\t\t\t\t\t<\/div>\n\t\t\t\t<\/div>\n\t\t\t\t<\/div>\n\t\t\t\t\t<\/div>\n\t\t\t\t<\/div>\n\t\t<div class=\"elementor-element elementor-element-def32c4 e-con-boxed e-flex e-con\" data-id=\"def32c4\" data-element_type=\"container\" data-settings=\"{&quot;content_width&quot;:&quot;boxed&quot;}\">\n\t\t\t\t\t<div class=\"e-con-inner\">\n\t\t<div class=\"elementor-element elementor-element-2d468a8 e-con-full e-flex e-con\" data-id=\"2d468a8\" data-element_type=\"container\" data-settings=\"{&quot;content_width&quot;:&quot;full&quot;}\">\n\t\t\t\t<\/div>\n\t\t<div class=\"elementor-element elementor-element-0141be7 e-con-full e-flex e-con\" data-id=\"0141be7\" data-element_type=\"container\" data-settings=\"{&quot;content_width&quot;:&quot;full&quot;}\">\n\t\t\t\t<div class=\"elementor-element elementor-element-9ddd808 elementor-widget elementor-widget-heading\" data-id=\"9ddd808\" data-element_type=\"widget\" data-widget_type=\"heading.default\">\n\t\t\t\t<div class=\"elementor-widget-container\">\n\t\t\t<h5 class=\"elementor-heading-title elementor-size-default\">Mudan\u00e7as<\/h5>\t\t<\/div>\n\t\t\t\t<\/div>\n\t\t\t\t<div class=\"elementor-element elementor-element-58104de elementor-widget elementor-widget-text-editor\" data-id=\"58104de\" data-element_type=\"widget\" data-widget_type=\"text-editor.default\">\n\t\t\t\t<div class=\"elementor-widget-container\">\n\t\t\t\t\t\t\t<p>Servi\u00e7o completo de Transporte de Mudan\u00e7as , entendemos que nesse momento \u00fanico e importante nada pode dar errado, por isso contamos com equipe treinada para zelar com todo cuidado dos seus pertences.<\/p>\t\t\t\t\t\t<\/div>\n\t\t\t\t<\/div>\n\t\t\t\t<\/div>\n\t\t\t\t\t<\/div>\n\t\t\t\t<\/div>\n\t\t\t\t<div class=\"elementor-element elementor-element-fa503f7 elementor-widget elementor-widget-button\" data-id=\"fa503f7\" data-element_type=\"widget\" data-widget_type=\"button.default\">\n\t\t\t\t<div class=\"elementor-widget-container\">\n\t\t\t\t\t<div class=\"elementor-button-wrapper\">\n\t\t\t<a href=\"#\" class=\"elementor-button-link elementor-button elementor-size-md\" role=\"button\">\n\t\t\t\t\t\t<span class=\"elementor-button-content-wrapper\">\n\t\t\t\t\t\t<span class=\"elementor-button-text\">Solicite seu Or\u00e7amento<\/span>\n\t\t<\/span>\n\t\t\t\t\t<\/a>\n\t\t<\/div>\n\t\t\t\t<\/div>\n\t\t\t\t<\/div>\n\t\t\t\t<\/div>\n\t\t\t\t\t<\/div>\n\t\t\t\t<\/div>\n\t\t<div class=\"elementor-element elementor-element-3833c42 e-con-boxed e-flex e-con\" data-id=\"3833c42\" data-element_type=\"container\" data-settings=\"{&quot;background_background&quot;:&quot;classic&quot;,&quot;content_width&quot;:&quot;boxed&quot;}\">\n\t\t\t\t\t<div class=\"e-con-inner\">\n\t\t<div class=\"elementor-element elementor-element-fed2aad e-con-full e-flex e-con\" data-id=\"fed2aad\" data-element_type=\"container\" data-settings=\"{&quot;content_width&quot;:&quot;full&quot;}\">\n\t\t\t\t<div class=\"elementor-element elementor-element-88ced2b elementor-widget elementor-widget-heading\" data-id=\"88ced2b\" data-element_type=\"widget\" data-widget_type=\"heading.default\">\n\t\t\t\t<div class=\"elementor-widget-container\">\n\t\t\t<h2 class=\"elementor-heading-title elementor-size-default\">Nossa Miss\u00e3o<\/h2>\t\t<\/div>\n\t\t\t\t<\/div>\n\t\t\t\t<div class=\"elementor-element elementor-element-896ff58 elementor-widget elementor-widget-text-editor\" data-id=\"896ff58\" data-element_type=\"widget\" data-widget_type=\"text-editor.default\">\n\t\t\t\t<div class=\"elementor-widget-container\">\n\t\t\t\t\t\t\t<p>A miss\u00e3o de nossa empresa \u00e9 executar o transporte da sua mudan\u00e7a com a m\u00e1xima efici\u00eancia e no menor tempo poss\u00edvel, fazendo o dia da sua mudan\u00e7a o dia mais tranq\u00fcilo poss\u00edvel, para isso oferecemos:<br \/>\u2022 Transporte de Qualidade<br \/>\u2022 Seguran\u00e7a no Transporte.<br \/>\u2022 Mudan\u00e7as a Pre\u00e7o justo<\/p>\t\t\t\t\t\t<\/div>\n\t\t\t\t<\/div>\n\t\t\t\t<\/div>\n\t\t<div class=\"elementor-element elementor-element-b793d75 e-con-full e-flex e-con\" data-id=\"b793d75\" data-element_type=\"container\" data-settings=\"{&quot;content_width&quot;:&quot;full&quot;,&quot;background_background&quot;:&quot;classic&quot;}\">\n\t\t\t\t<div class=\"elementor-element elementor-element-dbae3f9 elementor-widget elementor-widget-heading\" data-id=\"dbae3f9\" data-element_type=\"widget\" data-widget_type=\"heading.default\">\n\t\t\t\t<div class=\"elementor-widget-container\">\n\t\t\t<h3 class=\"elementor-heading-title elementor-size-default\">Confian\u00e7a e Credibilidade!<\/h3>\t\t<\/div>\n\t\t\t\t<\/div>\n\t\t\t\t<div class=\"elementor-element elementor-element-d94accc elementor-widget elementor-widget-text-editor\" data-id=\"d94accc\" data-element_type=\"widget\" data-widget_type=\"text-editor.default\">\n\t\t\t\t<div class=\"elementor-widget-container\">\n\t\t\t\t\t\t\t<p>A escolha de uma empresa confi\u00e1vel na hora de mudar e muito importante para evitar transtornos. Conte com a\u00a0\u00a0<strong>Mudan\u00e7as em Jundia\u00ed Nova Vida<\/strong>\u00a0 na hora de mudar especializada e confi\u00e1vel.<\/p>\t\t\t\t\t\t<\/div>\n\t\t\t\t<\/div>\n\t\t<div class=\"elementor-element elementor-element-634e661 e-con-boxed e-flex e-con\" data-id=\"634e661\" data-element_type=\"container\" data-settings=\"{&quot;content_width&quot;:&quot;boxed&quot;}\">\n\t\t\t\t\t<div class=\"e-con-inner\">\n\t\t\t\t\t<\/div>\n\t\t\t\t<\/div>\n\t\t\t\t<\/div>\n\t\t\t\t\t<\/div>\n\t\t\t\t<\/div>\n\t\t\t\t\t\t\t<\/div>\n\t\t","protected":false},"excerpt":{"rendered":"<p>Pellentesque tincidunt tristique neque, eget venenatis enim gravida quis. Fusce at egestas libero. Cras convallis egestas ullamcorper suspens.<\/p>\n","protected":false},"author":1,"featured_media":0,"parent":0,"menu_order":0,"comment_status":"closed","ping_status":"closed","template":"","meta":[],"blocksy_meta":{"styles_descriptor":{"styles":{"desktop":"","tablet":"","mobile":""},"google_fonts":[],"version":5}},"yoast_head":"<!-- This site is optimized with the Yoast SEO plugin v20.7 - https:\/\/yoast.com\/wordpress\/plugins\/seo\/ -->\n<title>Mudan\u00e7as em Jundia\u00ed Nova Vida Residenciais Transportes<\/title>\n<meta name=\"description\" content=\"Mudan\u00e7as em jundiai Nova vida Mudan\u00e7as Residenciais e comerciais Transporte e carretos Jundiai e Regi\u00e3o Solicite Seu Or\u00e7amento\" \/>\n<meta name=\"robots\" content=\"index, follow, max-snippet:-1, max-image-preview:large, max-video-preview:-1\" \/>\n<link rel=\"canonical\" href=\"https:\/\/mudancasnovavida.com.br\/?page_id=835\" \/>\n<meta property=\"og:locale\" content=\"en_US\" \/>\n<meta property=\"og:type\" content=\"article\" \/>\n<meta property=\"og:title\" content=\"Mudan\u00e7as em Jundia\u00ed Nova Vida Residenciais Transportes\" \/>\n<meta property=\"og:description\" content=\"Mudan\u00e7as em jundiai Nova vida Mudan\u00e7as Residenciais e comerciais Transporte e carretos Jundiai e Regi\u00e3o Solicite Seu Or\u00e7amento\" \/>\n<meta property=\"og:url\" content=\"https:\/\/mudancasnovavida.com.br\/?page_id=835\" \/>\n<meta property=\"og:site_name\" content=\"mudancasnovavida.com.br\" \/>\n<meta property=\"article:modified_time\" content=\"2023-05-19T01:15:10+00:00\" \/>\n<meta property=\"og:image\" content=\"http:\/\/mudancasnovavida.com.br\/wp-content\/uploads\/2023\/05\/mudancas-jundiai-novavida-2048x1366.jpg\" \/>\n<meta name=\"twitter:card\" content=\"summary_large_image\" \/>\n<meta name=\"twitter:label1\" content=\"Est. reading time\" \/>\n\t<meta name=\"twitter:data1\" content=\"2 minutes\" \/>\n<script type=\"application\/ld+json\" class=\"yoast-schema-graph\">{\"@context\":\"https:\/\/schema.org\",\"@graph\":[{\"@type\":\"WebPage\",\"@id\":\"https:\/\/mudancasnovavida.com.br\/?page_id=835\",\"url\":\"https:\/\/mudancasnovavida.com.br\/?page_id=835\",\"name\":\"Mudan\u00e7as em Jundia\u00ed Nova Vida Residenciais Transportes\",\"isPartOf\":{\"@id\":\"https:\/\/mudancasnovavida.com.br\/#website\"},\"datePublished\":\"2022-06-09T20:18:39+00:00\",\"dateModified\":\"2023-05-19T01:15:10+00:00\",\"description\":\"Mudan\u00e7as em jundiai Nova vida Mudan\u00e7as Residenciais e comerciais Transporte e carretos Jundiai e Regi\u00e3o Solicite Seu Or\u00e7amento\",\"breadcrumb\":{\"@id\":\"https:\/\/mudancasnovavida.com.br\/?page_id=835#breadcrumb\"},\"inLanguage\":\"en-US\",\"potentialAction\":[{\"@type\":\"ReadAction\",\"target\":[\"https:\/\/mudancasnovavida.com.br\/?page_id=835\"]}]},{\"@type\":\"BreadcrumbList\",\"@id\":\"https:\/\/mudancasnovavida.com.br\/?page_id=835#breadcrumb\",\"itemListElement\":[{\"@type\":\"ListItem\",\"position\":1,\"name\":\"In\u00edcio\",\"item\":\"https:\/\/mudancasnovavida.com.br\/\"},{\"@type\":\"ListItem\",\"position\":2,\"name\":\"Mudan\u00e7as Jundiai\"}]},{\"@type\":\"WebSite\",\"@id\":\"https:\/\/mudancasnovavida.com.br\/#website\",\"url\":\"https:\/\/mudancasnovavida.com.br\/\",\"name\":\"mudancasnovavida.com.br\",\"description\":\"MUDAN\u00c7AS\",\"publisher\":{\"@id\":\"https:\/\/mudancasnovavida.com.br\/#organization\"},\"potentialAction\":[{\"@type\":\"SearchAction\",\"target\":{\"@type\":\"EntryPoint\",\"urlTemplate\":\"https:\/\/mudancasnovavida.com.br\/?s={search_term_string}\"},\"query-input\":\"required name=search_term_string\"}],\"inLanguage\":\"en-US\"},{\"@type\":\"Organization\",\"@id\":\"https:\/\/mudancasnovavida.com.br\/#organization\",\"name\":\"mudancasnovavida.com.br\",\"url\":\"https:\/\/mudancasnovavida.com.br\/\",\"logo\":{\"@type\":\"ImageObject\",\"inLanguage\":\"en-US\",\"@id\":\"https:\/\/mudancasnovavida.com.br\/#\/schema\/logo\/image\/\",\"url\":\"https:\/\/mudancasnovavida.com.br\/wp-content\/uploads\/2023\/05\/LOGO-MUDANCAS-NOVA-VIDA.png\",\"contentUrl\":\"https:\/\/mudancasnovavida.com.br\/wp-content\/uploads\/2023\/05\/LOGO-MUDANCAS-NOVA-VIDA.png\",\"width\":500,\"height\":500,\"caption\":\"mudancasnovavida.com.br\"},\"image\":{\"@id\":\"https:\/\/mudancasnovavida.com.br\/#\/schema\/logo\/image\/\"}}]}<\/script>\n<!-- \/ Yoast SEO plugin. -->","yoast_head_json":{"title":"Mudan\u00e7as em Jundia\u00ed Nova Vida Residenciais Transportes","description":"Mudan\u00e7as em jundiai Nova vida Mudan\u00e7as Residenciais e comerciais Transporte e carretos Jundiai e Regi\u00e3o Solicite Seu Or\u00e7amento","robots":{"index":"index","follow":"follow","max-snippet":"max-snippet:-1","max-image-preview":"max-image-preview:large","max-video-preview":"max-video-preview:-1"},"canonical":"https:\/\/mudancasnovavida.com.br\/?page_id=835","og_locale":"en_US","og_type":"article","og_title":"Mudan\u00e7as em Jundia\u00ed Nova Vida Residenciais Transportes","og_description":"Mudan\u00e7as em jundiai Nova vida Mudan\u00e7as Residenciais e comerciais Transporte e carretos Jundiai e Regi\u00e3o Solicite Seu Or\u00e7amento","og_url":"https:\/\/mudancasnovavida.com.br\/?page_id=835","og_site_name":"mudancasnovavida.com.br","article_modified_time":"2023-05-19T01:15:10+00:00","og_image":[{"url":"http:\/\/mudancasnovavida.com.br\/wp-content\/uploads\/2023\/05\/mudancas-jundiai-novavida-2048x1366.jpg"}],"twitter_card":"summary_large_image","twitter_misc":{"Est. reading time":"2 minutes"},"schema":{"@context":"https:\/\/schema.org","@graph":[{"@type":"WebPage","@id":"https:\/\/mudancasnovavida.com.br\/?page_id=835","url":"https:\/\/mudancasnovavida.com.br\/?page_id=835","name":"Mudan\u00e7as em Jundia\u00ed Nova Vida Residenciais Transportes","isPartOf":{"@id":"https:\/\/mudancasnovavida.com.br\/#website"},"datePublished":"2022-06-09T20:18:39+00:00","dateModified":"2023-05-19T01:15:10+00:00","description":"Mudan\u00e7as em jundiai Nova vida Mudan\u00e7as Residenciais e comerciais Transporte e carretos Jundiai e Regi\u00e3o Solicite Seu Or\u00e7amento","breadcrumb":{"@id":"https:\/\/mudancasnovavida.com.br\/?page_id=835#breadcrumb"},"inLanguage":"en-US","potentialAction":[{"@type":"ReadAction","target":["https:\/\/mudancasnovavida.com.br\/?page_id=835"]}]},{"@type":"BreadcrumbList","@id":"https:\/\/mudancasnovavida.com.br\/?page_id=835#breadcrumb","itemListElement":[{"@type":"ListItem","position":1,"name":"In\u00edcio","item":"https:\/\/mudancasnovavida.com.br\/"},{"@type":"ListItem","position":2,"name":"Mudan\u00e7as Jundiai"}]},{"@type":"WebSite","@id":"https:\/\/mudancasnovavida.com.br\/#website","url":"https:\/\/mudancasnovavida.com.br\/","name":"mudancasnovavida.com.br","description":"MUDAN\u00c7AS","publisher":{"@id":"https:\/\/mudancasnovavida.com.br\/#organization"},"potentialAction":[{"@type":"SearchAction","target":{"@type":"EntryPoint","urlTemplate":"https:\/\/mudancasnovavida.com.br\/?s={search_term_string}"},"query-input":"required name=search_term_string"}],"inLanguage":"en-US"},{"@type":"Organization","@id":"https:\/\/mudancasnovavida.com.br\/#organization","name":"mudancasnovavida.com.br","url":"https:\/\/mudancasnovavida.com.br\/","logo":{"@type":"ImageObject","inLanguage":"en-US","@id":"https:\/\/mudancasnovavida.com.br\/#\/schema\/logo\/image\/","url":"https:\/\/mudancasnovavida.com.br\/wp-content\/uploads\/2023\/05\/LOGO-MUDANCAS-NOVA-VIDA.png","contentUrl":"https:\/\/mudancasnovavida.com.br\/wp-content\/uploads\/2023\/05\/LOGO-MUDANCAS-NOVA-VIDA.png","width":500,"height":500,"caption":"mudancasnovavida.com.br"},"image":{"@id":"https:\/\/mudancasnovavida.com.br\/#\/schema\/logo\/image\/"}}]}},"_links":{"self":[{"href":"https:\/\/mudancasnovavida.com.br\/index.php?rest_route=\/wp\/v2\/pages\/835"}],"collection":[{"href":"https:\/\/mudancasnovavida.com.br\/index.php?rest_route=\/wp\/v2\/pages"}],"about":[{"href":"https:\/\/mudancasnovavida.com.br\/index.php?rest_route=\/wp\/v2\/types\/page"}],"author":[{"embeddable":true,"href":"https:\/\/mudancasnovavida.com.br\/index.php?rest_route=\/wp\/v2\/users\/1"}],"replies":[{"embeddable":true,"href":"https:\/\/mudancasnovavida.com.br\/index.php?rest_route=%2Fwp%2Fv2%2Fcomments&post=835"}],"version-history":[{"count":5,"href":"https:\/\/mudancasnovavida.com.br\/index.php?rest_route=\/wp\/v2\/pages\/835\/revisions"}],"predecessor-version":[{"id":1517,"href":"https:\/\/mudancasnovavida.com.br\/index.php?rest_route=\/wp\/v2\/pages\/835\/revisions\/1517"}],"wp:attachment":[{"href":"https:\/\/mudancasnovavida.com.br\/index.php?rest_route=%2Fwp%2Fv2%2Fmedia&parent=835"}],"curies":[{"name":"wp","href":"https:\/\/api.w.org\/{rel}","templated":true}]}}